{"id":429,"date":"2025-07-07T16:43:56","date_gmt":"2025-07-07T14:43:56","guid":{"rendered":"https:\/\/www.thomasorourkeenglish.es\/?page_id=429"},"modified":"2026-02-16T09:37:55","modified_gmt":"2026-02-16T08:37:55","slug":"conoceme","status":"publish","type":"page","link":"https:\/\/www.thomasorourkeenglish.es\/en\/conoceme\/","title":{"rendered":"Con\u00f3ceme"},"content":{"rendered":"<div data-elementor-type=\"wp-page\" data-elementor-id=\"429\" class=\"elementor elementor-429\" data-elementor-post-type=\"page\">\n\t\t\t\t<div class=\"elementor-element elementor-element-18cae1b2 e-flex e-con-boxed e-con e-parent\" data-id=\"18cae1b2\" data-element_type=\"container\" data-e-type=\"container\" data-settings=\"{&quot;background_background&quot;:&quot;classic&quot;,&quot;ekit_has_onepagescroll_dot&quot;:&quot;yes&quot;}\">\n\t\t\t\t\t<div class=\"e-con-inner\">\n\t\t\t\t<div class=\"elementor-element elementor-element-76f06b90 elementor-invisible elementor-widget elementor-widget-heading\" data-id=\"76f06b90\" data-element_type=\"widget\" data-e-type=\"widget\" data-settings=\"{&quot;_animation&quot;:&quot;fadeInUp&quot;,&quot;ekit_we_effect_on&quot;:&quot;none&quot;}\" data-widget_type=\"heading.default\">\n\t\t\t\t<div class=\"elementor-widget-container\">\n\t\t\t\t\t<div class=\"elementor-heading-title elementor-size-default\">Profesor nativo \u00b7 Ling\u00fcista \u00b7 Docente<\/div>\t\t\t\t<\/div>\n\t\t\t\t<\/div>\n\t\t\t\t<div class=\"elementor-element elementor-element-2c9806bf elementor-invisible elementor-widget elementor-widget-heading\" data-id=\"2c9806bf\" data-element_type=\"widget\" data-e-type=\"widget\" data-settings=\"{&quot;_animation&quot;:&quot;fadeInUp&quot;,&quot;ekit_we_effect_on&quot;:&quot;none&quot;}\" data-widget_type=\"heading.default\">\n\t\t\t\t<div class=\"elementor-widget-container\">\n\t\t\t\t\t<h1 class=\"elementor-heading-title elementor-size-default\">M\u00e1s de una d\u00e9cada ense\u00f1ando ingl\u00e9s con rigor y cercan\u00eda<\/h1>\t\t\t\t<\/div>\n\t\t\t\t<\/div>\n\t\t\t\t<div class=\"elementor-element elementor-element-1ebc8d55 elementor-invisible elementor-widget elementor-widget-text-editor\" data-id=\"1ebc8d55\" data-element_type=\"widget\" data-e-type=\"widget\" data-settings=\"{&quot;_animation&quot;:&quot;fadeInUp&quot;,&quot;ekit_we_effect_on&quot;:&quot;none&quot;}\" data-widget_type=\"text-editor.default\">\n\t\t\t\t<div class=\"elementor-widget-container\">\n\t\t\t\t\t\t\t\t\t<p class=\"p1\">Soy Thomas O\u2019Rourke, profesor irland\u00e9s especializado en ingl\u00e9s para adultos. Mi enfoque combina experiencia docente, formaci\u00f3n universitaria en ling\u00fc\u00edstica y una metodolog\u00eda pr\u00e1ctica centrada en la comunicaci\u00f3n real y el progreso individual.<\/p>\t\t\t\t\t\t\t\t<\/div>\n\t\t\t\t<\/div>\n\t\t\t\t\t<\/div>\n\t\t\t\t<\/div>\n\t\t<div class=\"elementor-element elementor-element-3efd5d63 e-flex e-con-boxed e-con e-parent\" data-id=\"3efd5d63\" data-element_type=\"container\" data-e-type=\"container\" data-settings=\"{&quot;ekit_has_onepagescroll_dot&quot;:&quot;yes&quot;}\">\n\t\t\t\t\t<div class=\"e-con-inner\">\n\t\t<div class=\"elementor-element elementor-element-27bc8333 e-con-full e-flex e-con e-child\" data-id=\"27bc8333\" data-element_type=\"container\" data-e-type=\"container\" data-settings=\"{&quot;ekit_has_onepagescroll_dot&quot;:&quot;yes&quot;}\">\n\t\t\t\t<div class=\"elementor-element elementor-element-49d6eb2b elementor-invisible elementor-widget elementor-widget-heading\" data-id=\"49d6eb2b\" data-element_type=\"widget\" data-e-type=\"widget\" data-settings=\"{&quot;_animation&quot;:&quot;fadeInUp&quot;,&quot;ekit_we_effect_on&quot;:&quot;none&quot;}\" data-widget_type=\"heading.default\">\n\t\t\t\t<div class=\"elementor-widget-container\">\n\t\t\t\t\t<div class=\"elementor-heading-title elementor-size-default\">Thomas O'Rourke<\/div>\t\t\t\t<\/div>\n\t\t\t\t<\/div>\n\t\t\t\t<div class=\"elementor-element elementor-element-432653af elementor-invisible elementor-widget elementor-widget-heading\" data-id=\"432653af\" data-element_type=\"widget\" data-e-type=\"widget\" data-settings=\"{&quot;_animation&quot;:&quot;fadeInUp&quot;,&quot;ekit_we_effect_on&quot;:&quot;none&quot;}\" data-widget_type=\"heading.default\">\n\t\t\t\t<div class=\"elementor-widget-container\">\n\t\t\t\t\t<h2 class=\"elementor-heading-title elementor-size-default\">Con\u00f3ceme<\/h2>\t\t\t\t<\/div>\n\t\t\t\t<\/div>\n\t\t\t\t<div class=\"elementor-element elementor-element-d6007d5 elementor-invisible elementor-widget elementor-widget-text-editor\" data-id=\"d6007d5\" data-element_type=\"widget\" data-e-type=\"widget\" data-settings=\"{&quot;_animation&quot;:&quot;fadeInUp&quot;,&quot;ekit_we_effect_on&quot;:&quot;none&quot;}\" data-widget_type=\"text-editor.default\">\n\t\t\t\t<div class=\"elementor-widget-container\">\n\t\t\t\t\t\t\t\t\t<p style=\"font-weight: 400;\">Soy Tom, profesor irland\u00e9s, especializado en <strong>clases de ingl\u00e9s para adultos en Barcelona y en l\u00ednea<\/strong>. Mi vocaci\u00f3n por la ense\u00f1anza y el aprendizaje, mi experiencia de m\u00e1s de 10 a\u00f1os dando clases en empresas, academias y universidades en Barcelona, y mi formaci\u00f3n como ling\u00fcista del ingl\u00e9s y del castellano garantizan una calidad de ense\u00f1anza inigualable.<\/p><p style=\"font-weight: 400;\">La manera m\u00e1s eficaz de conseguir y mantener un nivel alto de ingl\u00e9s sin salir del pa\u00eds es <strong>estudiar conmigo<\/strong>. Tener conversaciones sobre temas relevantes para ti y tus metas es una manera motivadora, divertida y natural de aprender.<\/p><p style=\"font-weight: 400;\">Mi experiencia y formaci\u00f3n \u00fanica me permite\u00a0 identificar y trabajar las dificultades m\u00e1s importantes que tienen los alumnos, ya sea en pronunciaci\u00f3n, gram\u00e1tica, vocabulario, o la falta de confianza a la hora de hablar. Garantizo <strong>continuidad e implicaci\u00f3n<\/strong> en el progreso de cada individuo.<\/p>\t\t\t\t\t\t\t\t<\/div>\n\t\t\t\t<\/div>\n\t\t\t\t<\/div>\n\t\t<div class=\"elementor-element elementor-element-59fe1ced e-con-full e-flex e-con e-child\" data-id=\"59fe1ced\" data-element_type=\"container\" data-e-type=\"container\" data-settings=\"{&quot;ekit_has_onepagescroll_dot&quot;:&quot;yes&quot;}\">\n\t\t\t\t<div class=\"elementor-element elementor-element-503793c5 elementor-invisible elementor-widget elementor-widget-image\" data-id=\"503793c5\" data-element_type=\"widget\" data-e-type=\"widget\" data-settings=\"{&quot;_animation&quot;:&quot;fadeInUp&quot;,&quot;ekit_we_effect_on&quot;:&quot;none&quot;}\" data-widget_type=\"image.default\">\n\t\t\t\t<div class=\"elementor-widget-container\">\n\t\t\t\t\t\t\t\t\t\t\t\t\t\t\t<img fetchpriority=\"high\" decoding=\"async\" width=\"1500\" height=\"1000\" src=\"https:\/\/www.thomasorourkeenglish.es\/wp-content\/uploads\/2025\/07\/Foto-de-Perfil-e90d6470d344c1a51f458c2296e86398.jpg\" class=\"attachment-full size-full wp-image-717\" alt=\"Thomas O\u2019Rourke English\" srcset=\"https:\/\/www.thomasorourkeenglish.es\/wp-content\/uploads\/2025\/07\/Foto-de-Perfil-e90d6470d344c1a51f458c2296e86398.jpg 1500w, https:\/\/www.thomasorourkeenglish.es\/wp-content\/uploads\/2025\/07\/Foto-de-Perfil-e90d6470d344c1a51f458c2296e86398-300x200.jpg 300w, https:\/\/www.thomasorourkeenglish.es\/wp-content\/uploads\/2025\/07\/Foto-de-Perfil-e90d6470d344c1a51f458c2296e86398-1024x683.jpg 1024w, https:\/\/www.thomasorourkeenglish.es\/wp-content\/uploads\/2025\/07\/Foto-de-Perfil-e90d6470d344c1a51f458c2296e86398-768x512.jpg 768w, https:\/\/www.thomasorourkeenglish.es\/wp-content\/uploads\/2025\/07\/Foto-de-Perfil-e90d6470d344c1a51f458c2296e86398-18x12.jpg 18w\" sizes=\"(max-width: 1500px) 100vw, 1500px\" \/>\t\t\t\t\t\t\t\t\t\t\t\t\t\t\t<\/div>\n\t\t\t\t<\/div>\n\t\t\t\t<\/div>\n\t\t\t\t\t<\/div>\n\t\t\t\t<\/div>\n\t\t<div class=\"elementor-element elementor-element-50a21e23 e-flex e-con-boxed e-con e-parent\" data-id=\"50a21e23\" data-element_type=\"container\" data-e-type=\"container\" data-settings=\"{&quot;background_background&quot;:&quot;classic&quot;,&quot;ekit_has_onepagescroll_dot&quot;:&quot;yes&quot;}\">\n\t\t\t\t\t<div class=\"e-con-inner\">\n\t\t<div class=\"elementor-element elementor-element-6c5f1433 e-con-full e-flex e-con e-child\" data-id=\"6c5f1433\" data-element_type=\"container\" data-e-type=\"container\" data-settings=\"{&quot;ekit_has_onepagescroll_dot&quot;:&quot;yes&quot;}\">\n\t\t\t\t<div class=\"elementor-element elementor-element-4ee45419 elementor-invisible elementor-widget elementor-widget-image\" data-id=\"4ee45419\" data-element_type=\"widget\" data-e-type=\"widget\" data-settings=\"{&quot;_animation&quot;:&quot;fadeInUp&quot;,&quot;ekit_we_effect_on&quot;:&quot;none&quot;}\" data-widget_type=\"image.default\">\n\t\t\t\t<div class=\"elementor-widget-container\">\n\t\t\t\t\t\t\t\t\t\t\t\t\t\t\t<img decoding=\"async\" width=\"900\" height=\"1200\" src=\"https:\/\/www.thomasorourkeenglish.es\/wp-content\/uploads\/2025\/07\/Clases-en-persona-Barcelona-b280aeb16aa90e9e04bdc7cc74299a30.jpg\" class=\"attachment-full size-full wp-image-720\" alt=\"Thomas O\u2019Rourke English\" srcset=\"https:\/\/www.thomasorourkeenglish.es\/wp-content\/uploads\/2025\/07\/Clases-en-persona-Barcelona-b280aeb16aa90e9e04bdc7cc74299a30.jpg 900w, https:\/\/www.thomasorourkeenglish.es\/wp-content\/uploads\/2025\/07\/Clases-en-persona-Barcelona-b280aeb16aa90e9e04bdc7cc74299a30-225x300.jpg 225w, https:\/\/www.thomasorourkeenglish.es\/wp-content\/uploads\/2025\/07\/Clases-en-persona-Barcelona-b280aeb16aa90e9e04bdc7cc74299a30-768x1024.jpg 768w, https:\/\/www.thomasorourkeenglish.es\/wp-content\/uploads\/2025\/07\/Clases-en-persona-Barcelona-b280aeb16aa90e9e04bdc7cc74299a30-9x12.jpg 9w\" sizes=\"(max-width: 900px) 100vw, 900px\" \/>\t\t\t\t\t\t\t\t\t\t\t\t\t\t\t<\/div>\n\t\t\t\t<\/div>\n\t\t\t\t<\/div>\n\t\t<div class=\"elementor-element elementor-element-601b878b e-con-full e-flex e-con e-child\" data-id=\"601b878b\" data-element_type=\"container\" data-e-type=\"container\" data-settings=\"{&quot;ekit_has_onepagescroll_dot&quot;:&quot;yes&quot;}\">\n\t\t\t\t<div class=\"elementor-element elementor-element-6e36b138 elementor-invisible elementor-widget elementor-widget-heading\" data-id=\"6e36b138\" data-element_type=\"widget\" data-e-type=\"widget\" data-settings=\"{&quot;_animation&quot;:&quot;fadeInUp&quot;,&quot;ekit_we_effect_on&quot;:&quot;none&quot;}\" data-widget_type=\"heading.default\">\n\t\t\t\t<div class=\"elementor-widget-container\">\n\t\t\t\t\t<div class=\"elementor-heading-title elementor-size-default\">Formaci\u00f3n<\/div>\t\t\t\t<\/div>\n\t\t\t\t<\/div>\n\t\t\t\t<div class=\"elementor-element elementor-element-47f7c3ab elementor-invisible elementor-widget elementor-widget-heading\" data-id=\"47f7c3ab\" data-element_type=\"widget\" data-e-type=\"widget\" data-settings=\"{&quot;_animation&quot;:&quot;fadeInUp&quot;,&quot;ekit_we_effect_on&quot;:&quot;none&quot;}\" data-widget_type=\"heading.default\">\n\t\t\t\t<div class=\"elementor-widget-container\">\n\t\t\t\t\t<h2 class=\"elementor-heading-title elementor-size-default\">Un repaso breve de mi formaci\u00f3n como ling\u00fcista<\/h2>\t\t\t\t<\/div>\n\t\t\t\t<\/div>\n\t\t\t\t<div class=\"elementor-element elementor-element-7eee2b04 elementor-invisible elementor-widget elementor-widget-text-editor\" data-id=\"7eee2b04\" data-element_type=\"widget\" data-e-type=\"widget\" data-settings=\"{&quot;_animation&quot;:&quot;fadeInUp&quot;,&quot;ekit_we_effect_on&quot;:&quot;none&quot;}\" data-widget_type=\"text-editor.default\">\n\t\t\t\t<div class=\"elementor-widget-container\">\n\t\t\t\t\t\t\t\t\t<ul><li style=\"font-weight: 400;\">Grado en idiomas (espa\u00f1ol y franc\u00e9s) \u2013 National University of Ireland, Galway &#8211; 2007<\/li><li style=\"font-weight: 400;\">M\u00e1ster en ling\u00fc\u00edstica \u2013 Trinity College Dublin &#8211; 2010<\/li><li style=\"font-weight: 400;\">M\u00e1ster en ciencia cognitiva y lenguaje \u2013 Universidad de Barcelona &#8211; 2015<\/li><li style=\"font-weight: 400;\">Doctorado en ciencia cognitiva y lenguaje \u2013 Universidad de Barcelona &#8211; 2021<\/li><li style=\"font-weight: 400;\">Nivel biling\u00fce en castellano y nivel avanzado en catal\u00e1n y otras lenguas romances<\/li><li style=\"font-weight: 400;\">Conocimiento de las confusiones m\u00e1s comunes de los hispanohablantes al hablar ingl\u00e9s y facilidad para explicarlas.<\/li><li style=\"font-weight: 400;\">Formado en la fon\u00e9tica (pronunciaci\u00f3n) del ingl\u00e9s, del espa\u00f1ol. Facilidad para explicar las diferencias entre ambas<\/li><\/ul>\t\t\t\t\t\t\t\t<\/div>\n\t\t\t\t<\/div>\n\t\t\t\t<\/div>\n\t\t\t\t\t<\/div>\n\t\t\t\t<\/div>\n\t\t\t\t<\/div>","protected":false},"excerpt":{"rendered":"<p>Profesor nativo \u00b7 Ling\u00fcista \u00b7 Docente M\u00e1s de una d\u00e9cada ense\u00f1ando ingl\u00e9s con rigor y cercan\u00eda Soy Thomas O\u2019Rourke, profesor irland\u00e9s especializado en ingl\u00e9s para adultos. Mi enfoque combina experiencia docente, formaci\u00f3n universitaria en ling\u00fc\u00edstica y una metodolog\u00eda pr\u00e1ctica centrada en la comunicaci\u00f3n real y el progreso individual. Thomas O&#8217;Rourke Con\u00f3ceme Soy Tom, profesor irland\u00e9s, [&hellip;]<\/p>\n","protected":false},"author":1,"featured_media":0,"parent":0,"menu_order":2,"comment_status":"closed","ping_status":"closed","template":"","meta":{"_joinchat":[],"footnotes":""},"class_list":["post-429","page","type-page","status-publish","hentry"],"yoast_head":"<!-- This site is optimized with the Yoast SEO plugin v27.4 - https:\/\/yoast.com\/product\/yoast-seo-wordpress\/ -->\n<title>Con\u00f3ceme - Thomas O&#039;Rourke English<\/title>\n<meta name=\"description\" content=\"Profesor irland\u00e9s con m\u00e1s de 10 a\u00f1os de experiencia en empresas y universidades en Barcelona. Especialista en ingl\u00e9s profesional y ling\u00fc\u00edstica aplicada.\" \/>\n<meta name=\"robots\" content=\"index, follow, max-snippet:-1, max-image-preview:large, max-video-preview:-1\" \/>\n<link rel=\"canonical\" href=\"https:\/\/www.thomasorourkeenglish.es\/en\/conoceme\/\" \/>\n<meta property=\"og:locale\" content=\"en_US\" \/>\n<meta property=\"og:type\" content=\"article\" \/>\n<meta property=\"og:title\" content=\"Con\u00f3ceme - Thomas O&#039;Rourke English\" \/>\n<meta property=\"og:description\" content=\"Profesor irland\u00e9s con m\u00e1s de 10 a\u00f1os de experiencia en empresas y universidades en Barcelona. Especialista en ingl\u00e9s profesional y ling\u00fc\u00edstica aplicada.\" \/>\n<meta property=\"og:url\" content=\"https:\/\/www.thomasorourkeenglish.es\/en\/conoceme\/\" \/>\n<meta property=\"og:site_name\" content=\"Thomas O&#039;Rourke English\" \/>\n<meta property=\"article:modified_time\" content=\"2026-02-16T08:37:55+00:00\" \/>\n<meta property=\"og:image\" content=\"https:\/\/www.thomasorourkeenglish.es\/wp-content\/uploads\/2025\/07\/Foto-de-Perfil-e90d6470d344c1a51f458c2296e86398.jpg\" \/>\n<meta name=\"twitter:card\" content=\"summary_large_image\" \/>\n<script type=\"application\/ld+json\" class=\"yoast-schema-graph\">{\"@context\":\"https:\\\/\\\/schema.org\",\"@graph\":[{\"@type\":\"WebPage\",\"@id\":\"https:\\\/\\\/www.thomasorourkeenglish.es\\\/conoceme\\\/\",\"url\":\"https:\\\/\\\/www.thomasorourkeenglish.es\\\/conoceme\\\/\",\"name\":\"Con\u00f3ceme - Thomas O&#039;Rourke English\",\"isPartOf\":{\"@id\":\"https:\\\/\\\/www.thomasorourkeenglish.es\\\/#website\"},\"primaryImageOfPage\":{\"@id\":\"https:\\\/\\\/www.thomasorourkeenglish.es\\\/conoceme\\\/#primaryimage\"},\"image\":{\"@id\":\"https:\\\/\\\/www.thomasorourkeenglish.es\\\/conoceme\\\/#primaryimage\"},\"thumbnailUrl\":\"https:\\\/\\\/www.thomasorourkeenglish.es\\\/wp-content\\\/uploads\\\/2025\\\/07\\\/Foto-de-Perfil-e90d6470d344c1a51f458c2296e86398.jpg\",\"datePublished\":\"2025-07-07T14:43:56+00:00\",\"dateModified\":\"2026-02-16T08:37:55+00:00\",\"description\":\"Profesor irland\u00e9s con m\u00e1s de 10 a\u00f1os de experiencia en empresas y universidades en Barcelona. Especialista en ingl\u00e9s profesional y ling\u00fc\u00edstica aplicada.\",\"breadcrumb\":{\"@id\":\"https:\\\/\\\/www.thomasorourkeenglish.es\\\/conoceme\\\/#breadcrumb\"},\"inLanguage\":\"en-US\",\"potentialAction\":[{\"@type\":\"ReadAction\",\"target\":[\"https:\\\/\\\/www.thomasorourkeenglish.es\\\/conoceme\\\/\"]}]},{\"@type\":\"ImageObject\",\"inLanguage\":\"en-US\",\"@id\":\"https:\\\/\\\/www.thomasorourkeenglish.es\\\/conoceme\\\/#primaryimage\",\"url\":\"https:\\\/\\\/www.thomasorourkeenglish.es\\\/wp-content\\\/uploads\\\/2025\\\/07\\\/Foto-de-Perfil-e90d6470d344c1a51f458c2296e86398.jpg\",\"contentUrl\":\"https:\\\/\\\/www.thomasorourkeenglish.es\\\/wp-content\\\/uploads\\\/2025\\\/07\\\/Foto-de-Perfil-e90d6470d344c1a51f458c2296e86398.jpg\"},{\"@type\":\"BreadcrumbList\",\"@id\":\"https:\\\/\\\/www.thomasorourkeenglish.es\\\/conoceme\\\/#breadcrumb\",\"itemListElement\":[{\"@type\":\"ListItem\",\"position\":1,\"name\":\"Inicio\",\"item\":\"https:\\\/\\\/www.thomasorourkeenglish.es\\\/\"},{\"@type\":\"ListItem\",\"position\":2,\"name\":\"Con\u00f3ceme\"}]},{\"@type\":\"WebSite\",\"@id\":\"https:\\\/\\\/www.thomasorourkeenglish.es\\\/#website\",\"url\":\"https:\\\/\\\/www.thomasorourkeenglish.es\\\/\",\"name\":\"Thomas O&#039;Rourke English\",\"description\":\"Clases de ingl\u00e9s con un profesor nativo. Ense\u00f1anza de calidad. Clases con carisma.\",\"publisher\":{\"@id\":\"https:\\\/\\\/www.thomasorourkeenglish.es\\\/#organization\"},\"potentialAction\":[{\"@type\":\"SearchAction\",\"target\":{\"@type\":\"EntryPoint\",\"urlTemplate\":\"https:\\\/\\\/www.thomasorourkeenglish.es\\\/?s={search_term_string}\"},\"query-input\":{\"@type\":\"PropertyValueSpecification\",\"valueRequired\":true,\"valueName\":\"search_term_string\"}}],\"inLanguage\":\"en-US\"},{\"@type\":\"Organization\",\"@id\":\"https:\\\/\\\/www.thomasorourkeenglish.es\\\/#organization\",\"name\":\"Thomas O&#039;Rourke English\",\"url\":\"https:\\\/\\\/www.thomasorourkeenglish.es\\\/\",\"logo\":{\"@type\":\"ImageObject\",\"inLanguage\":\"en-US\",\"@id\":\"https:\\\/\\\/www.thomasorourkeenglish.es\\\/#\\\/schema\\\/logo\\\/image\\\/\",\"url\":\"https:\\\/\\\/www.thomasorourkeenglish.es\\\/wp-content\\\/uploads\\\/2025\\\/07\\\/Thomas-ORourke-English-large-logo-Irish-script-3cb5ba151581f9f64fc254285c433a12-e1766161416839.jpg\",\"contentUrl\":\"https:\\\/\\\/www.thomasorourkeenglish.es\\\/wp-content\\\/uploads\\\/2025\\\/07\\\/Thomas-ORourke-English-large-logo-Irish-script-3cb5ba151581f9f64fc254285c433a12-e1766161416839.jpg\",\"width\":944,\"height\":580,\"caption\":\"Thomas O&#039;Rourke English\"},\"image\":{\"@id\":\"https:\\\/\\\/www.thomasorourkeenglish.es\\\/#\\\/schema\\\/logo\\\/image\\\/\"}}]}<\/script>\n<!-- \/ Yoast SEO plugin. -->","yoast_head_json":{"title":"Con\u00f3ceme - Thomas O&#039;Rourke English","description":"Profesor irland\u00e9s con m\u00e1s de 10 a\u00f1os de experiencia en empresas y universidades en Barcelona. Especialista en ingl\u00e9s profesional y ling\u00fc\u00edstica aplicada.","robots":{"index":"index","follow":"follow","max-snippet":"max-snippet:-1","max-image-preview":"max-image-preview:large","max-video-preview":"max-video-preview:-1"},"canonical":"https:\/\/www.thomasorourkeenglish.es\/en\/conoceme\/","og_locale":"en_US","og_type":"article","og_title":"Con\u00f3ceme - Thomas O&#039;Rourke English","og_description":"Profesor irland\u00e9s con m\u00e1s de 10 a\u00f1os de experiencia en empresas y universidades en Barcelona. Especialista en ingl\u00e9s profesional y ling\u00fc\u00edstica aplicada.","og_url":"https:\/\/www.thomasorourkeenglish.es\/en\/conoceme\/","og_site_name":"Thomas O&#039;Rourke English","article_modified_time":"2026-02-16T08:37:55+00:00","og_image":[{"url":"https:\/\/www.thomasorourkeenglish.es\/wp-content\/uploads\/2025\/07\/Foto-de-Perfil-e90d6470d344c1a51f458c2296e86398.jpg","type":"","width":"","height":""}],"twitter_card":"summary_large_image","schema":{"@context":"https:\/\/schema.org","@graph":[{"@type":"WebPage","@id":"https:\/\/www.thomasorourkeenglish.es\/conoceme\/","url":"https:\/\/www.thomasorourkeenglish.es\/conoceme\/","name":"Con\u00f3ceme - Thomas O&#039;Rourke English","isPartOf":{"@id":"https:\/\/www.thomasorourkeenglish.es\/#website"},"primaryImageOfPage":{"@id":"https:\/\/www.thomasorourkeenglish.es\/conoceme\/#primaryimage"},"image":{"@id":"https:\/\/www.thomasorourkeenglish.es\/conoceme\/#primaryimage"},"thumbnailUrl":"https:\/\/www.thomasorourkeenglish.es\/wp-content\/uploads\/2025\/07\/Foto-de-Perfil-e90d6470d344c1a51f458c2296e86398.jpg","datePublished":"2025-07-07T14:43:56+00:00","dateModified":"2026-02-16T08:37:55+00:00","description":"Profesor irland\u00e9s con m\u00e1s de 10 a\u00f1os de experiencia en empresas y universidades en Barcelona. Especialista en ingl\u00e9s profesional y ling\u00fc\u00edstica aplicada.","breadcrumb":{"@id":"https:\/\/www.thomasorourkeenglish.es\/conoceme\/#breadcrumb"},"inLanguage":"en-US","potentialAction":[{"@type":"ReadAction","target":["https:\/\/www.thomasorourkeenglish.es\/conoceme\/"]}]},{"@type":"ImageObject","inLanguage":"en-US","@id":"https:\/\/www.thomasorourkeenglish.es\/conoceme\/#primaryimage","url":"https:\/\/www.thomasorourkeenglish.es\/wp-content\/uploads\/2025\/07\/Foto-de-Perfil-e90d6470d344c1a51f458c2296e86398.jpg","contentUrl":"https:\/\/www.thomasorourkeenglish.es\/wp-content\/uploads\/2025\/07\/Foto-de-Perfil-e90d6470d344c1a51f458c2296e86398.jpg"},{"@type":"BreadcrumbList","@id":"https:\/\/www.thomasorourkeenglish.es\/conoceme\/#breadcrumb","itemListElement":[{"@type":"ListItem","position":1,"name":"Inicio","item":"https:\/\/www.thomasorourkeenglish.es\/"},{"@type":"ListItem","position":2,"name":"Con\u00f3ceme"}]},{"@type":"WebSite","@id":"https:\/\/www.thomasorourkeenglish.es\/#website","url":"https:\/\/www.thomasorourkeenglish.es\/","name":"Thomas O&#039;Rourke English","description":"Clases de ingl\u00e9s con un profesor nativo. Ense\u00f1anza de calidad. Clases con carisma.","publisher":{"@id":"https:\/\/www.thomasorourkeenglish.es\/#organization"},"potentialAction":[{"@type":"SearchAction","target":{"@type":"EntryPoint","urlTemplate":"https:\/\/www.thomasorourkeenglish.es\/?s={search_term_string}"},"query-input":{"@type":"PropertyValueSpecification","valueRequired":true,"valueName":"search_term_string"}}],"inLanguage":"en-US"},{"@type":"Organization","@id":"https:\/\/www.thomasorourkeenglish.es\/#organization","name":"Thomas O&#039;Rourke English","url":"https:\/\/www.thomasorourkeenglish.es\/","logo":{"@type":"ImageObject","inLanguage":"en-US","@id":"https:\/\/www.thomasorourkeenglish.es\/#\/schema\/logo\/image\/","url":"https:\/\/www.thomasorourkeenglish.es\/wp-content\/uploads\/2025\/07\/Thomas-ORourke-English-large-logo-Irish-script-3cb5ba151581f9f64fc254285c433a12-e1766161416839.jpg","contentUrl":"https:\/\/www.thomasorourkeenglish.es\/wp-content\/uploads\/2025\/07\/Thomas-ORourke-English-large-logo-Irish-script-3cb5ba151581f9f64fc254285c433a12-e1766161416839.jpg","width":944,"height":580,"caption":"Thomas O&#039;Rourke English"},"image":{"@id":"https:\/\/www.thomasorourkeenglish.es\/#\/schema\/logo\/image\/"}}]}},"_links":{"self":[{"href":"https:\/\/www.thomasorourkeenglish.es\/en\/wp-json\/wp\/v2\/pages\/429","targetHints":{"allow":["GET"]}}],"collection":[{"href":"https:\/\/www.thomasorourkeenglish.es\/en\/wp-json\/wp\/v2\/pages"}],"about":[{"href":"https:\/\/www.thomasorourkeenglish.es\/en\/wp-json\/wp\/v2\/types\/page"}],"author":[{"embeddable":true,"href":"https:\/\/www.thomasorourkeenglish.es\/en\/wp-json\/wp\/v2\/users\/1"}],"replies":[{"embeddable":true,"href":"https:\/\/www.thomasorourkeenglish.es\/en\/wp-json\/wp\/v2\/comments?post=429"}],"version-history":[{"count":42,"href":"https:\/\/www.thomasorourkeenglish.es\/en\/wp-json\/wp\/v2\/pages\/429\/revisions"}],"predecessor-version":[{"id":840,"href":"https:\/\/www.thomasorourkeenglish.es\/en\/wp-json\/wp\/v2\/pages\/429\/revisions\/840"}],"wp:attachment":[{"href":"https:\/\/www.thomasorourkeenglish.es\/en\/wp-json\/wp\/v2\/media?parent=429"}],"curies":[{"name":"wp","href":"https:\/\/api.w.org\/{rel}","templated":true}]}}