{"id":433,"date":"2025-07-07T16:44:20","date_gmt":"2025-07-07T14:44:20","guid":{"rendered":"https:\/\/www.thomasorourkeenglish.es\/?page_id=433"},"modified":"2026-02-16T09:38:19","modified_gmt":"2026-02-16T08:38:19","slug":"blog","status":"publish","type":"page","link":"https:\/\/www.thomasorourkeenglish.es\/en\/blog\/","title":{"rendered":"Blog"},"content":{"rendered":"<div data-elementor-type=\"wp-page\" data-elementor-id=\"433\" class=\"elementor elementor-433\" data-elementor-post-type=\"page\">\n\t\t\t\t<div class=\"elementor-element elementor-element-1c3026c e-flex e-con-boxed e-con e-parent\" data-id=\"1c3026c\" data-element_type=\"container\" data-e-type=\"container\" data-settings=\"{&quot;background_background&quot;:&quot;gradient&quot;,&quot;ekit_has_onepagescroll_dot&quot;:&quot;yes&quot;}\">\n\t\t\t\t\t<div class=\"e-con-inner\">\n\t\t\t\t<div class=\"elementor-element elementor-element-5e94066 elementor-invisible elementor-widget elementor-widget-heading\" data-id=\"5e94066\" data-element_type=\"widget\" data-e-type=\"widget\" data-settings=\"{&quot;_animation&quot;:&quot;fadeInUp&quot;,&quot;ekit_we_effect_on&quot;:&quot;none&quot;}\" data-widget_type=\"heading.default\">\n\t\t\t\t<div class=\"elementor-widget-container\">\n\t\t\t\t\t<div class=\"elementor-heading-title elementor-size-default\">Ingl\u00e9s real para adultos<\/div>\t\t\t\t<\/div>\n\t\t\t\t<\/div>\n\t\t\t\t<div class=\"elementor-element elementor-element-5264f6f3 elementor-invisible elementor-widget elementor-widget-heading\" data-id=\"5264f6f3\" data-element_type=\"widget\" data-e-type=\"widget\" data-settings=\"{&quot;_animation&quot;:&quot;fadeInUp&quot;,&quot;ekit_we_effect_on&quot;:&quot;none&quot;}\" data-widget_type=\"heading.default\">\n\t\t\t\t<div class=\"elementor-widget-container\">\n\t\t\t\t\t<h1 class=\"elementor-heading-title elementor-size-default\">Consejos y recursos sobre aprender ingl\u00e9s<\/h1>\t\t\t\t<\/div>\n\t\t\t\t<\/div>\n\t\t\t\t<div class=\"elementor-element elementor-element-276a39 elementor-invisible elementor-widget elementor-widget-text-editor\" data-id=\"276a39\" data-element_type=\"widget\" data-e-type=\"widget\" data-settings=\"{&quot;_animation&quot;:&quot;fadeInUp&quot;,&quot;ekit_we_effect_on&quot;:&quot;none&quot;}\" data-widget_type=\"text-editor.default\">\n\t\t\t\t<div class=\"elementor-widget-container\">\n\t\t\t\t\t\t\t\t\t<p class=\"p1\">Art\u00edculos pr\u00e1cticos sobre aprendizaje del ingl\u00e9s, pronunciaci\u00f3n, errores comunes y preparaci\u00f3n de ex\u00e1menes, escritos desde la experiencia de un profesor nativo y ling\u00fcista.<\/p>\t\t\t\t\t\t\t\t<\/div>\n\t\t\t\t<\/div>\n\t\t\t\t\t<\/div>\n\t\t\t\t<\/div>\n\t\t<div class=\"elementor-element elementor-element-7eac674c e-flex e-con-boxed e-con e-parent\" data-id=\"7eac674c\" data-element_type=\"container\" data-e-type=\"container\" data-settings=\"{&quot;background_background&quot;:&quot;classic&quot;,&quot;ekit_has_onepagescroll_dot&quot;:&quot;yes&quot;}\">\n\t\t\t\t\t<div class=\"e-con-inner\">\n\t\t\t\t<div class=\"elementor-element elementor-element-27087277 elementor-invisible elementor-widget elementor-widget-elementskit-blog-posts\" data-id=\"27087277\" data-element_type=\"widget\" data-e-type=\"widget\" data-settings=\"{&quot;_animation&quot;:&quot;fadeInUp&quot;,&quot;ekit_we_effect_on&quot;:&quot;none&quot;}\" data-widget_type=\"elementskit-blog-posts.default\">\n\t\t\t\t<div class=\"elementor-widget-container\">\n\t\t\t\t\t<div class=\"ekit-wid-con\" >\n        <div id=\"post-items--27087277\" class=\"row post-items ekit-blog-posts-content wihout-masonry\" data-enable=\"no\">\n\n\t\t\t<!-- Blog Carousel markup render -->\n\t\t\t\n\n            <div class=\"col-lg-4 col-md-6\">\n\n                                    <div class=\"elementskit-post-image-card\">\n                        <div class=\"elementskit-entry-header\">\n                                                            <a href=\"https:\/\/www.thomasorourkeenglish.es\/en\/clases-de-ingles-para-adultos-aprender-a-tu-ritmo-y-con-objetivos-reales\/\" class=\"elementskit-entry-thumb\">\n                                    <img decoding=\"async\" src=\"https:\/\/www.thomasorourkeenglish.es\/wp-content\/uploads\/2025\/12\/pencils-and-books-in-the-classroom-education-conc-2025-03-27-00-08-58-utc.jpg\" alt=\"Clases de ingl\u00e9s para adultos: aprender a tu ritmo y con objetivos reales\">\n                                <\/a><!-- .elementskit-entry-thumb END -->\n                                                            \n                            \n                                                    <\/div><!-- .elementskit-entry-header END -->\n\n                        <div class=\"elementskit-post-body\">\n                            \n                                                                                                                        \n                                        \n                                        \t\t\t\t\t\t\t\t\t\t                <h2 class=\"entry-title\">\n                    <a href=\"https:\/\/www.thomasorourkeenglish.es\/en\/clases-de-ingles-para-adultos-aprender-a-tu-ritmo-y-con-objetivos-reales\/\">\n                            Clases de ingl\u00e9s para adultos: aprender a tu ritmo y con objetivos reales                    <\/a>\n                <\/h2>\n                                                                                                                                                                                                    <\/div><!-- .elementskit-post-body END -->\n                    <\/div>\n                \n            <\/div>\t\t\t\t\n\n            <div class=\"col-lg-4 col-md-6\">\n\n                                    <div class=\"elementskit-post-image-card\">\n                        <div class=\"elementskit-entry-header\">\n                                                            <a href=\"https:\/\/www.thomasorourkeenglish.es\/en\/como-preparar-los-examenes-de-cambridge-de-forma-eficaz\/\" class=\"elementskit-entry-thumb\">\n                                    <img decoding=\"async\" src=\"https:\/\/www.thomasorourkeenglish.es\/wp-content\/uploads\/2025\/12\/blank-writing-slate-with-copy-space-by-desk-organi-2025-04-03-18-41-23-utc.jpg\" alt=\"C\u00f3mo preparar los ex\u00e1menes de Cambridge de forma eficaz\">\n                                <\/a><!-- .elementskit-entry-thumb END -->\n                                                            \n                            \n                                                    <\/div><!-- .elementskit-entry-header END -->\n\n                        <div class=\"elementskit-post-body\">\n                            \n                                                                                                                        \n                                        \n                                        \t\t\t\t\t\t\t\t\t\t                <h2 class=\"entry-title\">\n                    <a href=\"https:\/\/www.thomasorourkeenglish.es\/en\/como-preparar-los-examenes-de-cambridge-de-forma-eficaz\/\">\n                            C\u00f3mo preparar los ex\u00e1menes de Cambridge de forma eficaz                    <\/a>\n                <\/h2>\n                                                                                                                                                                                                    <\/div><!-- .elementskit-post-body END -->\n                    <\/div>\n                \n            <\/div>\t\t\t\t\n\n            <div class=\"col-lg-4 col-md-6\">\n\n                                    <div class=\"elementskit-post-image-card\">\n                        <div class=\"elementskit-entry-header\">\n                                                            <a href=\"https:\/\/www.thomasorourkeenglish.es\/en\/la-importancia-de-la-pronunciacion-en-el-aprendizaje-del-ingles\/\" class=\"elementskit-entry-thumb\">\n                                    <img decoding=\"async\" src=\"https:\/\/www.thomasorourkeenglish.es\/wp-content\/uploads\/2025\/12\/digital-tablet-with-wireless-keyboard-and-supplies-2024-11-26-13-15-26-utc.jpg\" alt=\"La importancia de la pronunciaci\u00f3n en el aprendizaje del ingl\u00e9s\">\n                                <\/a><!-- .elementskit-entry-thumb END -->\n                                                            \n                            \n                                                    <\/div><!-- .elementskit-entry-header END -->\n\n                        <div class=\"elementskit-post-body\">\n                            \n                                                                                                                        \n                                        \n                                        \t\t\t\t\t\t\t\t\t\t                <h2 class=\"entry-title\">\n                    <a href=\"https:\/\/www.thomasorourkeenglish.es\/en\/la-importancia-de-la-pronunciacion-en-el-aprendizaje-del-ingles\/\">\n                            La importancia de la pronunciaci\u00f3n en el aprendizaje del ingl\u00e9s                    <\/a>\n                <\/h2>\n                                                                                                                                                                                                    <\/div><!-- .elementskit-post-body END -->\n                    <\/div>\n                \n            <\/div>\t\t\t\t\n\n            <div class=\"col-lg-4 col-md-6\">\n\n                                    <div class=\"elementskit-post-image-card\">\n                        <div class=\"elementskit-entry-header\">\n                                                            <a href=\"https:\/\/www.thomasorourkeenglish.es\/en\/por-que-aprender-ingles-con-un-profesor-nativo-marca-la-diferencia\/\" class=\"elementskit-entry-thumb\">\n                                    <img decoding=\"async\" src=\"https:\/\/www.thomasorourkeenglish.es\/wp-content\/uploads\/2025\/12\/laptop-on-a-dinner-table-2025-02-10-05-44-21-utc.jpg\" alt=\"Por qu\u00e9 aprender ingl\u00e9s con un profesor nativo marca la diferencia\">\n                                <\/a><!-- .elementskit-entry-thumb END -->\n                                                            \n                            \n                                                    <\/div><!-- .elementskit-entry-header END -->\n\n                        <div class=\"elementskit-post-body\">\n                            \n                                                                                                                        \n                                        \n                                        \t\t\t\t\t\t\t\t\t\t                <h2 class=\"entry-title\">\n                    <a href=\"https:\/\/www.thomasorourkeenglish.es\/en\/por-que-aprender-ingles-con-un-profesor-nativo-marca-la-diferencia\/\">\n                            Por qu\u00e9 aprender ingl\u00e9s con un profesor nativo marca la diferencia                    <\/a>\n                <\/h2>\n                                                                                                                                                                                                    <\/div><!-- .elementskit-post-body END -->\n                    <\/div>\n                \n            <\/div>\t\t\t\t\n\n            <div class=\"col-lg-4 col-md-6\">\n\n                                    <div class=\"elementskit-post-image-card\">\n                        <div class=\"elementskit-entry-header\">\n                                                            <a href=\"https:\/\/www.thomasorourkeenglish.es\/en\/errores-comunes-de-los-hispanohablantes-al-hablar-ingles\/\" class=\"elementskit-entry-thumb\">\n                                    <img decoding=\"async\" src=\"https:\/\/www.thomasorourkeenglish.es\/wp-content\/uploads\/2025\/12\/teachers-desk-in-classroom-in-front-of-blackboard-2024-11-18-18-53-55-utc.jpg\" alt=\"Errores comunes de los hispanohablantes al hablar ingl\u00e9s\">\n                                <\/a><!-- .elementskit-entry-thumb END -->\n                                                            \n                            \n                                                    <\/div><!-- .elementskit-entry-header END -->\n\n                        <div class=\"elementskit-post-body\">\n                            \n                                                                                                                        \n                                        \n                                        \t\t\t\t\t\t\t\t\t\t                <h2 class=\"entry-title\">\n                    <a href=\"https:\/\/www.thomasorourkeenglish.es\/en\/errores-comunes-de-los-hispanohablantes-al-hablar-ingles\/\">\n                            Errores comunes de los hispanohablantes al hablar ingl\u00e9s                    <\/a>\n                <\/h2>\n                                                                                                                                                                                                    <\/div><!-- .elementskit-post-body END -->\n                    <\/div>\n                \n            <\/div>\t\t\t\t\n\n            <div class=\"col-lg-4 col-md-6\">\n\n                                    <div class=\"elementskit-post-image-card\">\n                        <div class=\"elementskit-entry-header\">\n                                                            <a href=\"https:\/\/www.thomasorourkeenglish.es\/en\/como-mejorar-tu-ingles-hablado-sin-vivir-en-el-extranjero\/\" class=\"elementskit-entry-thumb\">\n                                    <img decoding=\"async\" src=\"https:\/\/www.thomasorourkeenglish.es\/wp-content\/uploads\/2025\/12\/diploma-with-red-ribbon-on-laptop-with-blank-scree-2024-11-18-20-52-40-utc.jpg\" alt=\"C\u00f3mo mejorar tu ingl\u00e9s hablado sin vivir en el extranjero\">\n                                <\/a><!-- .elementskit-entry-thumb END -->\n                                                            \n                            \n                                                    <\/div><!-- .elementskit-entry-header END -->\n\n                        <div class=\"elementskit-post-body\">\n                            \n                                                                                                                        \n                                        \n                                        \t\t\t\t\t\t\t\t\t\t                <h2 class=\"entry-title\">\n                    <a href=\"https:\/\/www.thomasorourkeenglish.es\/en\/como-mejorar-tu-ingles-hablado-sin-vivir-en-el-extranjero\/\">\n                            C\u00f3mo mejorar tu ingl\u00e9s hablado sin vivir en el extranjero                    <\/a>\n                <\/h2>\n                                                                                                                                                                                                    <\/div><!-- .elementskit-post-body END -->\n                    <\/div>\n                \n            <\/div>\t\t\t\t        <\/div>\n        \n        \n        <\/div>\t\t\t\t<\/div>\n\t\t\t\t<\/div>\n\t\t\t\t\t<\/div>\n\t\t\t\t<\/div>\n\t\t\t\t<\/div>","protected":false},"excerpt":{"rendered":"<p>Ingl\u00e9s real para adultos Consejos y recursos sobre aprender ingl\u00e9s Art\u00edculos pr\u00e1cticos sobre aprendizaje del ingl\u00e9s, pronunciaci\u00f3n, errores comunes y preparaci\u00f3n de ex\u00e1menes, escritos desde la experiencia de un profesor nativo y ling\u00fcista. Clases de ingl\u00e9s para adultos: aprender a tu ritmo y con objetivos reales C\u00f3mo preparar los ex\u00e1menes de Cambridge de forma eficaz [&hellip;] <\/p>\n","protected":false},"author":1,"featured_media":0,"parent":0,"menu_order":4,"comment_status":"closed","ping_status":"closed","template":"","meta":{"_joinchat":[],"footnotes":""},"class_list":["post-433","page","type-page","status-publish","hentry"],"yoast_head":"<!-- This site is optimized with the Yoast SEO plugin v27.4 - https:\/\/yoast.com\/product\/yoast-seo-wordpress\/ -->\n<title>Blog - Thomas O&#039;Rourke English<\/title>\n<meta name=\"description\" content=\"Art\u00edculos sobre ingl\u00e9s profesional, errores frecuentes y comunicaci\u00f3n empresarial. Recursos pr\u00e1cticos para profesionales en Barcelona.\" \/>\n<meta name=\"robots\" content=\"index, follow, max-snippet:-1, max-image-preview:large, max-video-preview:-1\" \/>\n<link rel=\"canonical\" href=\"https:\/\/www.thomasorourkeenglish.es\/en\/blog\/\" \/>\n<meta property=\"og:locale\" content=\"en_US\" \/>\n<meta property=\"og:type\" content=\"article\" \/>\n<meta property=\"og:title\" content=\"Blog - Thomas O&#039;Rourke English\" \/>\n<meta property=\"og:description\" content=\"Art\u00edculos sobre ingl\u00e9s profesional, errores frecuentes y comunicaci\u00f3n empresarial. Recursos pr\u00e1cticos para profesionales en Barcelona.\" \/>\n<meta property=\"og:url\" content=\"https:\/\/www.thomasorourkeenglish.es\/en\/blog\/\" \/>\n<meta property=\"og:site_name\" content=\"Thomas O&#039;Rourke English\" \/>\n<meta property=\"article:modified_time\" content=\"2026-02-16T08:38:19+00:00\" \/>\n<meta property=\"og:image\" content=\"https:\/\/www.thomasorourkeenglish.es\/wp-content\/uploads\/2025\/12\/pencils-and-books-in-the-classroom-education-conc-2025-03-27-00-08-58-utc.jpg\" \/>\n<meta name=\"twitter:card\" content=\"summary_large_image\" \/>\n<script type=\"application\/ld+json\" class=\"yoast-schema-graph\">{\"@context\":\"https:\\\/\\\/schema.org\",\"@graph\":[{\"@type\":\"WebPage\",\"@id\":\"https:\\\/\\\/www.thomasorourkeenglish.es\\\/blog\\\/\",\"url\":\"https:\\\/\\\/www.thomasorourkeenglish.es\\\/blog\\\/\",\"name\":\"Blog - Thomas O&#039;Rourke English\",\"isPartOf\":{\"@id\":\"https:\\\/\\\/www.thomasorourkeenglish.es\\\/#website\"},\"primaryImageOfPage\":{\"@id\":\"https:\\\/\\\/www.thomasorourkeenglish.es\\\/blog\\\/#primaryimage\"},\"image\":{\"@id\":\"https:\\\/\\\/www.thomasorourkeenglish.es\\\/blog\\\/#primaryimage\"},\"thumbnailUrl\":\"https:\\\/\\\/www.thomasorourkeenglish.es\\\/wp-content\\\/uploads\\\/2025\\\/12\\\/pencils-and-books-in-the-classroom-education-conc-2025-03-27-00-08-58-utc.jpg\",\"datePublished\":\"2025-07-07T14:44:20+00:00\",\"dateModified\":\"2026-02-16T08:38:19+00:00\",\"description\":\"Art\u00edculos sobre ingl\u00e9s profesional, errores frecuentes y comunicaci\u00f3n empresarial. Recursos pr\u00e1cticos para profesionales en Barcelona.\",\"breadcrumb\":{\"@id\":\"https:\\\/\\\/www.thomasorourkeenglish.es\\\/blog\\\/#breadcrumb\"},\"inLanguage\":\"en-US\",\"potentialAction\":[{\"@type\":\"ReadAction\",\"target\":[\"https:\\\/\\\/www.thomasorourkeenglish.es\\\/blog\\\/\"]}]},{\"@type\":\"ImageObject\",\"inLanguage\":\"en-US\",\"@id\":\"https:\\\/\\\/www.thomasorourkeenglish.es\\\/blog\\\/#primaryimage\",\"url\":\"https:\\\/\\\/www.thomasorourkeenglish.es\\\/wp-content\\\/uploads\\\/2025\\\/12\\\/pencils-and-books-in-the-classroom-education-conc-2025-03-27-00-08-58-utc.jpg\",\"contentUrl\":\"https:\\\/\\\/www.thomasorourkeenglish.es\\\/wp-content\\\/uploads\\\/2025\\\/12\\\/pencils-and-books-in-the-classroom-education-conc-2025-03-27-00-08-58-utc.jpg\"},{\"@type\":\"BreadcrumbList\",\"@id\":\"https:\\\/\\\/www.thomasorourkeenglish.es\\\/blog\\\/#breadcrumb\",\"itemListElement\":[{\"@type\":\"ListItem\",\"position\":1,\"name\":\"Inicio\",\"item\":\"https:\\\/\\\/www.thomasorourkeenglish.es\\\/\"},{\"@type\":\"ListItem\",\"position\":2,\"name\":\"Blog\"}]},{\"@type\":\"WebSite\",\"@id\":\"https:\\\/\\\/www.thomasorourkeenglish.es\\\/#website\",\"url\":\"https:\\\/\\\/www.thomasorourkeenglish.es\\\/\",\"name\":\"Thomas O&#039;Rourke English\",\"description\":\"Clases de ingl\u00e9s con un profesor nativo. Ense\u00f1anza de calidad. Clases con carisma.\",\"publisher\":{\"@id\":\"https:\\\/\\\/www.thomasorourkeenglish.es\\\/#organization\"},\"potentialAction\":[{\"@type\":\"SearchAction\",\"target\":{\"@type\":\"EntryPoint\",\"urlTemplate\":\"https:\\\/\\\/www.thomasorourkeenglish.es\\\/?s={search_term_string}\"},\"query-input\":{\"@type\":\"PropertyValueSpecification\",\"valueRequired\":true,\"valueName\":\"search_term_string\"}}],\"inLanguage\":\"en-US\"},{\"@type\":\"Organization\",\"@id\":\"https:\\\/\\\/www.thomasorourkeenglish.es\\\/#organization\",\"name\":\"Thomas O&#039;Rourke English\",\"url\":\"https:\\\/\\\/www.thomasorourkeenglish.es\\\/\",\"logo\":{\"@type\":\"ImageObject\",\"inLanguage\":\"en-US\",\"@id\":\"https:\\\/\\\/www.thomasorourkeenglish.es\\\/#\\\/schema\\\/logo\\\/image\\\/\",\"url\":\"https:\\\/\\\/www.thomasorourkeenglish.es\\\/wp-content\\\/uploads\\\/2025\\\/07\\\/Thomas-ORourke-English-large-logo-Irish-script-3cb5ba151581f9f64fc254285c433a12-e1766161416839.jpg\",\"contentUrl\":\"https:\\\/\\\/www.thomasorourkeenglish.es\\\/wp-content\\\/uploads\\\/2025\\\/07\\\/Thomas-ORourke-English-large-logo-Irish-script-3cb5ba151581f9f64fc254285c433a12-e1766161416839.jpg\",\"width\":944,\"height\":580,\"caption\":\"Thomas O&#039;Rourke English\"},\"image\":{\"@id\":\"https:\\\/\\\/www.thomasorourkeenglish.es\\\/#\\\/schema\\\/logo\\\/image\\\/\"}}]}<\/script>\n<!-- \/ Yoast SEO plugin. -->","yoast_head_json":{"title":"Blog - Thomas O&#039;Rourke English","description":"Art\u00edculos sobre ingl\u00e9s profesional, errores frecuentes y comunicaci\u00f3n empresarial. Recursos pr\u00e1cticos para profesionales en Barcelona.","robots":{"index":"index","follow":"follow","max-snippet":"max-snippet:-1","max-image-preview":"max-image-preview:large","max-video-preview":"max-video-preview:-1"},"canonical":"https:\/\/www.thomasorourkeenglish.es\/en\/blog\/","og_locale":"en_US","og_type":"article","og_title":"Blog - Thomas O&#039;Rourke English","og_description":"Art\u00edculos sobre ingl\u00e9s profesional, errores frecuentes y comunicaci\u00f3n empresarial. Recursos pr\u00e1cticos para profesionales en Barcelona.","og_url":"https:\/\/www.thomasorourkeenglish.es\/en\/blog\/","og_site_name":"Thomas O&#039;Rourke English","article_modified_time":"2026-02-16T08:38:19+00:00","og_image":[{"url":"https:\/\/www.thomasorourkeenglish.es\/wp-content\/uploads\/2025\/12\/pencils-and-books-in-the-classroom-education-conc-2025-03-27-00-08-58-utc.jpg","type":"","width":"","height":""}],"twitter_card":"summary_large_image","schema":{"@context":"https:\/\/schema.org","@graph":[{"@type":"WebPage","@id":"https:\/\/www.thomasorourkeenglish.es\/blog\/","url":"https:\/\/www.thomasorourkeenglish.es\/blog\/","name":"Blog - Thomas O&#039;Rourke English","isPartOf":{"@id":"https:\/\/www.thomasorourkeenglish.es\/#website"},"primaryImageOfPage":{"@id":"https:\/\/www.thomasorourkeenglish.es\/blog\/#primaryimage"},"image":{"@id":"https:\/\/www.thomasorourkeenglish.es\/blog\/#primaryimage"},"thumbnailUrl":"https:\/\/www.thomasorourkeenglish.es\/wp-content\/uploads\/2025\/12\/pencils-and-books-in-the-classroom-education-conc-2025-03-27-00-08-58-utc.jpg","datePublished":"2025-07-07T14:44:20+00:00","dateModified":"2026-02-16T08:38:19+00:00","description":"Art\u00edculos sobre ingl\u00e9s profesional, errores frecuentes y comunicaci\u00f3n empresarial. Recursos pr\u00e1cticos para profesionales en Barcelona.","breadcrumb":{"@id":"https:\/\/www.thomasorourkeenglish.es\/blog\/#breadcrumb"},"inLanguage":"en-US","potentialAction":[{"@type":"ReadAction","target":["https:\/\/www.thomasorourkeenglish.es\/blog\/"]}]},{"@type":"ImageObject","inLanguage":"en-US","@id":"https:\/\/www.thomasorourkeenglish.es\/blog\/#primaryimage","url":"https:\/\/www.thomasorourkeenglish.es\/wp-content\/uploads\/2025\/12\/pencils-and-books-in-the-classroom-education-conc-2025-03-27-00-08-58-utc.jpg","contentUrl":"https:\/\/www.thomasorourkeenglish.es\/wp-content\/uploads\/2025\/12\/pencils-and-books-in-the-classroom-education-conc-2025-03-27-00-08-58-utc.jpg"},{"@type":"BreadcrumbList","@id":"https:\/\/www.thomasorourkeenglish.es\/blog\/#breadcrumb","itemListElement":[{"@type":"ListItem","position":1,"name":"Inicio","item":"https:\/\/www.thomasorourkeenglish.es\/"},{"@type":"ListItem","position":2,"name":"Blog"}]},{"@type":"WebSite","@id":"https:\/\/www.thomasorourkeenglish.es\/#website","url":"https:\/\/www.thomasorourkeenglish.es\/","name":"Thomas O&#039;Rourke English","description":"Clases de ingl\u00e9s con un profesor nativo. Ense\u00f1anza de calidad. Clases con carisma.","publisher":{"@id":"https:\/\/www.thomasorourkeenglish.es\/#organization"},"potentialAction":[{"@type":"SearchAction","target":{"@type":"EntryPoint","urlTemplate":"https:\/\/www.thomasorourkeenglish.es\/?s={search_term_string}"},"query-input":{"@type":"PropertyValueSpecification","valueRequired":true,"valueName":"search_term_string"}}],"inLanguage":"en-US"},{"@type":"Organization","@id":"https:\/\/www.thomasorourkeenglish.es\/#organization","name":"Thomas O&#039;Rourke English","url":"https:\/\/www.thomasorourkeenglish.es\/","logo":{"@type":"ImageObject","inLanguage":"en-US","@id":"https:\/\/www.thomasorourkeenglish.es\/#\/schema\/logo\/image\/","url":"https:\/\/www.thomasorourkeenglish.es\/wp-content\/uploads\/2025\/07\/Thomas-ORourke-English-large-logo-Irish-script-3cb5ba151581f9f64fc254285c433a12-e1766161416839.jpg","contentUrl":"https:\/\/www.thomasorourkeenglish.es\/wp-content\/uploads\/2025\/07\/Thomas-ORourke-English-large-logo-Irish-script-3cb5ba151581f9f64fc254285c433a12-e1766161416839.jpg","width":944,"height":580,"caption":"Thomas O&#039;Rourke English"},"image":{"@id":"https:\/\/www.thomasorourkeenglish.es\/#\/schema\/logo\/image\/"}}]}},"_links":{"self":[{"href":"https:\/\/www.thomasorourkeenglish.es\/en\/wp-json\/wp\/v2\/pages\/433","targetHints":{"allow":["GET"]}}],"collection":[{"href":"https:\/\/www.thomasorourkeenglish.es\/en\/wp-json\/wp\/v2\/pages"}],"about":[{"href":"https:\/\/www.thomasorourkeenglish.es\/en\/wp-json\/wp\/v2\/types\/page"}],"author":[{"embeddable":true,"href":"https:\/\/www.thomasorourkeenglish.es\/en\/wp-json\/wp\/v2\/users\/1"}],"replies":[{"embeddable":true,"href":"https:\/\/www.thomasorourkeenglish.es\/en\/wp-json\/wp\/v2\/comments?post=433"}],"version-history":[{"count":11,"href":"https:\/\/www.thomasorourkeenglish.es\/en\/wp-json\/wp\/v2\/pages\/433\/revisions"}],"predecessor-version":[{"id":842,"href":"https:\/\/www.thomasorourkeenglish.es\/en\/wp-json\/wp\/v2\/pages\/433\/revisions\/842"}],"wp:attachment":[{"href":"https:\/\/www.thomasorourkeenglish.es\/en\/wp-json\/wp\/v2\/media?parent=433"}],"curies":[{"name":"wp","href":"https:\/\/api.w.org\/{rel}","templated":true}]}}