{"id":435,"date":"2025-07-07T16:44:34","date_gmt":"2025-07-07T14:44:34","guid":{"rendered":"https:\/\/www.thomasorourkeenglish.es\/?page_id=435"},"modified":"2026-02-16T09:38:38","modified_gmt":"2026-02-16T08:38:38","slug":"contacto","status":"publish","type":"page","link":"https:\/\/www.thomasorourkeenglish.es\/en\/contacto\/","title":{"rendered":"Contacto"},"content":{"rendered":"<div data-elementor-type=\"wp-page\" data-elementor-id=\"435\" class=\"elementor elementor-435\" data-elementor-post-type=\"page\">\n\t\t\t\t<div class=\"elementor-element elementor-element-f1e3c80 e-flex e-con-boxed e-con e-parent\" data-id=\"f1e3c80\" data-element_type=\"container\" data-e-type=\"container\" data-settings=\"{&quot;background_background&quot;:&quot;classic&quot;,&quot;ekit_has_onepagescroll_dot&quot;:&quot;yes&quot;}\">\n\t\t\t\t\t<div class=\"e-con-inner\">\n\t\t\t\t<div class=\"elementor-element elementor-element-21bbf427 elementor-invisible elementor-widget elementor-widget-heading\" data-id=\"21bbf427\" data-element_type=\"widget\" data-e-type=\"widget\" data-settings=\"{&quot;_animation&quot;:&quot;fadeInUp&quot;,&quot;ekit_we_effect_on&quot;:&quot;none&quot;}\" data-widget_type=\"heading.default\">\n\t\t\t\t<div class=\"elementor-widget-container\">\n\t\t\t\t\t<div class=\"elementor-heading-title elementor-size-default\">Contacto<\/div>\t\t\t\t<\/div>\n\t\t\t\t<\/div>\n\t\t\t\t<div class=\"elementor-element elementor-element-34152366 elementor-invisible elementor-widget elementor-widget-heading\" data-id=\"34152366\" data-element_type=\"widget\" data-e-type=\"widget\" data-settings=\"{&quot;_animation&quot;:&quot;fadeInUp&quot;,&quot;ekit_we_effect_on&quot;:&quot;none&quot;}\" data-widget_type=\"heading.default\">\n\t\t\t\t<div class=\"elementor-widget-container\">\n\t\t\t\t\t<h1 class=\"elementor-heading-title elementor-size-default\">Hablemos de tus objetivos en ingl\u00e9s<\/h1>\t\t\t\t<\/div>\n\t\t\t\t<\/div>\n\t\t\t\t<div class=\"elementor-element elementor-element-256fa584 elementor-invisible elementor-widget elementor-widget-text-editor\" data-id=\"256fa584\" data-element_type=\"widget\" data-e-type=\"widget\" data-settings=\"{&quot;_animation&quot;:&quot;fadeInUp&quot;,&quot;ekit_we_effect_on&quot;:&quot;none&quot;}\" data-widget_type=\"text-editor.default\">\n\t\t\t\t<div class=\"elementor-widget-container\">\n\t\t\t\t\t\t\t\t\t<p class=\"p1\">Cu\u00e9ntame qu\u00e9 necesitas y c\u00f3mo puedo ayudarte a mejorar tu nivel de ingl\u00e9s. Te responder\u00e9 personalmente para proponerte la opci\u00f3n de clases que mejor se adapte a ti.<\/p>\t\t\t\t\t\t\t\t<\/div>\n\t\t\t\t<\/div>\n\t\t\t\t\t<\/div>\n\t\t\t\t<\/div>\n\t\t<div class=\"elementor-element elementor-element-2bbc6acc e-flex e-con-boxed e-con e-parent\" data-id=\"2bbc6acc\" data-element_type=\"container\" data-e-type=\"container\" data-settings=\"{&quot;ekit_has_onepagescroll_dot&quot;:&quot;yes&quot;}\">\n\t\t\t\t\t<div class=\"e-con-inner\">\n\t\t<div class=\"elementor-element elementor-element-2ea0b89e e-con-full e-flex e-con e-child\" data-id=\"2ea0b89e\" data-element_type=\"container\" data-e-type=\"container\" data-settings=\"{&quot;ekit_has_onepagescroll_dot&quot;:&quot;yes&quot;}\">\n\t\t\t\t<div class=\"elementor-element elementor-element-a609be2 elementor-invisible elementor-widget elementor-widget-heading\" data-id=\"a609be2\" data-element_type=\"widget\" data-e-type=\"widget\" data-settings=\"{&quot;_animation&quot;:&quot;fadeInUp&quot;,&quot;ekit_we_effect_on&quot;:&quot;none&quot;}\" data-widget_type=\"heading.default\">\n\t\t\t\t<div class=\"elementor-widget-container\">\n\t\t\t\t\t<div class=\"elementor-heading-title elementor-size-default\">Empieza hoy<\/div>\t\t\t\t<\/div>\n\t\t\t\t<\/div>\n\t\t\t\t<div class=\"elementor-element elementor-element-2b48cb2f elementor-invisible elementor-widget elementor-widget-heading\" data-id=\"2b48cb2f\" data-element_type=\"widget\" data-e-type=\"widget\" data-settings=\"{&quot;_animation&quot;:&quot;fadeInUp&quot;,&quot;ekit_we_effect_on&quot;:&quot;none&quot;}\" data-widget_type=\"heading.default\">\n\t\t\t\t<div class=\"elementor-widget-container\">\n\t\t\t\t\t<h2 class=\"elementor-heading-title elementor-size-default\">Solicita informaci\u00f3n sin compromiso<\/h2>\t\t\t\t<\/div>\n\t\t\t\t<\/div>\n\t\t\t\t<div class=\"elementor-element elementor-element-653d374c elementor-invisible elementor-widget elementor-widget-text-editor\" data-id=\"653d374c\" data-element_type=\"widget\" data-e-type=\"widget\" data-settings=\"{&quot;_animation&quot;:&quot;fadeInUp&quot;,&quot;ekit_we_effect_on&quot;:&quot;none&quot;}\" data-widget_type=\"text-editor.default\">\n\t\t\t\t<div class=\"elementor-widget-container\">\n\t\t\t\t\t\t\t\t\t<p class=\"p1\">Puedes ponerte en contacto conmigo a trav\u00e9s del formulario, por correo electr\u00f3nico o directamente por WhatsApp. Estar\u00e9 encantado de resolver tus dudas y ayudarte a dar el siguiente paso en tu aprendizaje del ingl\u00e9s.<\/p>\t\t\t\t\t\t\t\t<\/div>\n\t\t\t\t<\/div>\n\t\t\t\t<div class=\"elementor-element elementor-element-14811d6 elementor-icon-list--layout-traditional elementor-list-item-link-full_width elementor-invisible elementor-widget elementor-widget-icon-list\" data-id=\"14811d6\" data-element_type=\"widget\" data-e-type=\"widget\" data-settings=\"{&quot;_animation&quot;:&quot;fadeInUp&quot;,&quot;ekit_we_effect_on&quot;:&quot;none&quot;}\" data-widget_type=\"icon-list.default\">\n\t\t\t\t<div class=\"elementor-widget-container\">\n\t\t\t\t\t\t\t<ul class=\"elementor-icon-list-items\">\n\t\t\t\t\t\t\t<li class=\"elementor-icon-list-item\">\n\t\t\t\t\t\t\t\t\t\t\t<a href=\"mailto:info@thomasorourkeenglish.es\">\n\n\t\t\t\t\t\t\t\t\t\t\t\t<span class=\"elementor-icon-list-icon\">\n\t\t\t\t\t\t\t<i aria-hidden=\"true\" class=\"far fa-envelope\"><\/i>\t\t\t\t\t\t<\/span>\n\t\t\t\t\t\t\t\t\t\t<span class=\"elementor-icon-list-text\">info@thomasorourkeenglish.es<\/span>\n\t\t\t\t\t\t\t\t\t\t\t<\/a>\n\t\t\t\t\t\t\t\t\t<\/li>\n\t\t\t\t\t\t\t\t<li class=\"elementor-icon-list-item\">\n\t\t\t\t\t\t\t\t\t\t\t<a href=\"tel:655%20466%20372\">\n\n\t\t\t\t\t\t\t\t\t\t\t\t<span class=\"elementor-icon-list-icon\">\n\t\t\t\t\t\t\t<i aria-hidden=\"true\" class=\"fas fa-mobile-alt\"><\/i>\t\t\t\t\t\t<\/span>\n\t\t\t\t\t\t\t\t\t\t<span class=\"elementor-icon-list-text\">655 466 372<\/span>\n\t\t\t\t\t\t\t\t\t\t\t<\/a>\n\t\t\t\t\t\t\t\t\t<\/li>\n\t\t\t\t\t\t<\/ul>\n\t\t\t\t\t\t<\/div>\n\t\t\t\t<\/div>\n\t\t\t\t<\/div>\n\t\t<div class=\"elementor-element elementor-element-2e22c7b4 e-con-full e-flex e-con e-child\" data-id=\"2e22c7b4\" data-element_type=\"container\" data-e-type=\"container\" data-settings=\"{&quot;background_background&quot;:&quot;classic&quot;,&quot;ekit_has_onepagescroll_dot&quot;:&quot;yes&quot;}\">\n\t\t\t\t<div class=\"elementor-element elementor-element-1457f45 uael-cf7-btn-size-md uael-cf7-style-box uael-cf7-input-size-sm uael-cf7-button-left uael-cf7-highlight-style-default elementor-widget elementor-widget-uael-cf7-styler\" data-id=\"1457f45\" data-element_type=\"widget\" data-e-type=\"widget\" data-settings=\"{&quot;ekit_we_effect_on&quot;:&quot;none&quot;}\" data-widget_type=\"uael-cf7-styler.default\">\n\t\t\t\t<div class=\"elementor-widget-container\">\n\t\t\t\t\t\t\t\t\t<div class = \"uael-cf7-container\">\n\t\t\t\t\t\t<div class = \"uael-cf7 uael-cf7-style elementor-clickable\">\n\t\t\t\t\t\t\n<div class=\"wpcf7 no-js\" id=\"wpcf7-f5-o1\" lang=\"es-ES\" dir=\"ltr\" data-wpcf7-id=\"5\">\n<div class=\"screen-reader-response\"><p role=\"status\" aria-live=\"polite\" aria-atomic=\"true\"><\/p> <ul><\/ul><\/div>\n<form action=\"\/en\/wp-json\/wp\/v2\/pages\/435#wpcf7-f5-o1\" method=\"post\" class=\"wpcf7-form init\" aria-label=\"Formulario de contacto\" novalidate=\"novalidate\" data-status=\"init\" data-trp-original-action=\"\/en\/wp-json\/wp\/v2\/pages\/435#wpcf7-f5-o1\">\n<fieldset class=\"hidden-fields-container\"><input type=\"hidden\" name=\"_wpcf7\" value=\"5\" \/><input type=\"hidden\" name=\"_wpcf7_version\" value=\"6.1.5\" \/><input type=\"hidden\" name=\"_wpcf7_locale\" value=\"es_ES\" \/><input type=\"hidden\" name=\"_wpcf7_unit_tag\" value=\"wpcf7-f5-o1\" \/><input type=\"hidden\" name=\"_wpcf7_container_post\" value=\"0\" \/><input type=\"hidden\" name=\"_wpcf7_posted_data_hash\" value=\"\" \/>\n<\/fieldset>\n<p><label for=\"your-name\">Tu nombre<\/label>\n<\/p>\n<p><span class=\"wpcf7-form-control-wrap\" data-name=\"your-name\"><input size=\"40\" maxlength=\"400\" class=\"wpcf7-form-control wpcf7-text wpcf7-validates-as-required\" id=\"your-name\" aria-required=\"true\" aria-invalid=\"false\" value=\"\" type=\"text\" name=\"your-name\" \/><\/span>\n<\/p>\n<p><label for=\"your-email\">Tu correo electr\u00f3nico<\/label>\n<\/p>\n<p><span class=\"wpcf7-form-control-wrap\" data-name=\"your-email\"><input size=\"40\" maxlength=\"400\" class=\"wpcf7-form-control wpcf7-email wpcf7-validates-as-required wpcf7-text wpcf7-validates-as-email\" id=\"your-email\" aria-required=\"true\" aria-invalid=\"false\" value=\"\" type=\"email\" name=\"your-email\" \/><\/span>\n<\/p>\n<p><label for=\"your-subject\">Asunto<\/label>\n<\/p>\n<p><span class=\"wpcf7-form-control-wrap\" data-name=\"your-subject\"><input size=\"40\" maxlength=\"400\" class=\"wpcf7-form-control wpcf7-text wpcf7-validates-as-required\" id=\"your-subject\" aria-required=\"true\" aria-invalid=\"false\" value=\"\" type=\"text\" name=\"your-subject\" \/><\/span>\n<\/p>\n<p><span id=\"email-campo-w\" class=\"wpcf7-form-control-wrap email-campo-wrap\" style=\"display:none !important; visibility:hidden !important;\"><label for=\"email-campo\" class=\"hp-message\">Por favor, deja este campo vac\u00edo.<\/label><input id=\"email-campo\"  class=\"wpcf7-form-control wpcf7-text email-campo\" type=\"text\" name=\"email-campo\" value=\"\" size=\"40\" tabindex=\"-1\" autocomplete=\"new-password\" \/><\/span><span id=\"website-campo-w\" class=\"wpcf7-form-control-wrap website-campo-wrap\" style=\"display:none !important; visibility:hidden !important;\"><label for=\"website-campo\" class=\"hp-message\">Por favor, deja este campo vac\u00edo.<\/label><input id=\"website-campo\"  class=\"wpcf7-form-control wpcf7-text website-campo\" type=\"text\" name=\"website-campo\" value=\"\" size=\"40\" tabindex=\"-1\" autocomplete=\"new-password\" \/><\/span>\n<\/p>\n<p><label for=\"your-message\">Tu mensaje<\/label>\n<\/p>\n<p><span class=\"wpcf7-form-control-wrap\" data-name=\"your-message\"><textarea cols=\"40\" rows=\"10\" maxlength=\"2000\" class=\"wpcf7-form-control wpcf7-textarea wpcf7-validates-as-required\" id=\"your-message\" aria-required=\"true\" aria-invalid=\"false\" name=\"your-message\"><\/textarea><\/span>\n<\/p>\n<p><span class=\"wpcf7-form-control-wrap\" data-name=\"acceptance-RGPD\"><span class=\"wpcf7-form-control wpcf7-acceptance\"><span class=\"wpcf7-list-item\"><label><input type=\"checkbox\" name=\"acceptance-RGPD\" value=\"1\" aria-invalid=\"false\" \/><span class=\"wpcf7-list-item-label\">He le\u00eddo y acepto la <a href=\"..\/politica-de-privacidad\/\">pol\u00edtica de privacidad<\/a><\/span><\/label><\/span><\/span><\/span>\n<\/p>\n<p><input class=\"wpcf7-form-control wpcf7-submit has-spinner\" type=\"submit\" value=\"Enviar\" \/>\n<\/p>\n<div class=\"wpcf7-response-output\" aria-hidden=\"true\"><\/div>\n<input type=\"hidden\" name=\"trp-form-language\" value=\"en\"\/><\/form>\n<\/div>\n\t\t\t\t\t<\/div>\n\t\t\t\t<\/div>\n\t\t\t\t\t\t\t\t<\/div>\n\t\t\t\t<\/div>\n\t\t\t\t<\/div>\n\t\t\t\t\t<\/div>\n\t\t\t\t<\/div>\n\t\t\t\t<\/div>","protected":false},"excerpt":{"rendered":"<p>Contacto Hablemos de tus objetivos en ingl\u00e9s Cu\u00e9ntame qu\u00e9 necesitas y c\u00f3mo puedo ayudarte a mejorar tu nivel de ingl\u00e9s. Te responder\u00e9 personalmente para proponerte la opci\u00f3n de clases que mejor se adapte a ti. Empieza hoy Solicita informaci\u00f3n sin compromiso Puedes ponerte en contacto conmigo a trav\u00e9s del formulario, por correo electr\u00f3nico o directamente [&hellip;]<\/p>\n","protected":false},"author":1,"featured_media":0,"parent":0,"menu_order":5,"comment_status":"closed","ping_status":"closed","template":"","meta":{"_joinchat":[],"footnotes":""},"class_list":["post-435","page","type-page","status-publish","hentry"],"yoast_head":"<!-- This site is optimized with the Yoast SEO plugin v27.4 - https:\/\/yoast.com\/product\/yoast-seo-wordpress\/ -->\n<title>Contacto - Thomas O&#039;Rourke English<\/title>\n<meta name=\"description\" content=\"Profesor nativo de ingl\u00e9s en Barcelona. Clases para empresas y profesionales. Solicita informaci\u00f3n sin compromiso.\" \/>\n<meta name=\"robots\" content=\"index, follow, max-snippet:-1, max-image-preview:large, max-video-preview:-1\" \/>\n<link rel=\"canonical\" href=\"https:\/\/www.thomasorourkeenglish.es\/en\/contacto\/\" \/>\n<meta property=\"og:locale\" content=\"en_US\" \/>\n<meta property=\"og:type\" content=\"article\" \/>\n<meta property=\"og:title\" content=\"Contacto - Thomas O&#039;Rourke English\" \/>\n<meta property=\"og:description\" content=\"Profesor nativo de ingl\u00e9s en Barcelona. Clases para empresas y profesionales. Solicita informaci\u00f3n sin compromiso.\" \/>\n<meta property=\"og:url\" content=\"https:\/\/www.thomasorourkeenglish.es\/en\/contacto\/\" \/>\n<meta property=\"og:site_name\" content=\"Thomas O&#039;Rourke English\" \/>\n<meta property=\"article:modified_time\" content=\"2026-02-16T08:38:38+00:00\" \/>\n<meta name=\"twitter:card\" content=\"summary_large_image\" \/>\n<script type=\"application\/ld+json\" class=\"yoast-schema-graph\">{\"@context\":\"https:\\\/\\\/schema.org\",\"@graph\":[{\"@type\":\"WebPage\",\"@id\":\"https:\\\/\\\/www.thomasorourkeenglish.es\\\/contacto\\\/\",\"url\":\"https:\\\/\\\/www.thomasorourkeenglish.es\\\/contacto\\\/\",\"name\":\"Contacto - Thomas O&#039;Rourke English\",\"isPartOf\":{\"@id\":\"https:\\\/\\\/www.thomasorourkeenglish.es\\\/#website\"},\"datePublished\":\"2025-07-07T14:44:34+00:00\",\"dateModified\":\"2026-02-16T08:38:38+00:00\",\"description\":\"Profesor nativo de ingl\u00e9s en Barcelona. Clases para empresas y profesionales. Solicita informaci\u00f3n sin compromiso.\",\"breadcrumb\":{\"@id\":\"https:\\\/\\\/www.thomasorourkeenglish.es\\\/contacto\\\/#breadcrumb\"},\"inLanguage\":\"en-US\",\"potentialAction\":[{\"@type\":\"ReadAction\",\"target\":[\"https:\\\/\\\/www.thomasorourkeenglish.es\\\/contacto\\\/\"]}]},{\"@type\":\"BreadcrumbList\",\"@id\":\"https:\\\/\\\/www.thomasorourkeenglish.es\\\/contacto\\\/#breadcrumb\",\"itemListElement\":[{\"@type\":\"ListItem\",\"position\":1,\"name\":\"Inicio\",\"item\":\"https:\\\/\\\/www.thomasorourkeenglish.es\\\/\"},{\"@type\":\"ListItem\",\"position\":2,\"name\":\"Contacto\"}]},{\"@type\":\"WebSite\",\"@id\":\"https:\\\/\\\/www.thomasorourkeenglish.es\\\/#website\",\"url\":\"https:\\\/\\\/www.thomasorourkeenglish.es\\\/\",\"name\":\"Thomas O&#039;Rourke English\",\"description\":\"Clases de ingl\u00e9s con un profesor nativo. Ense\u00f1anza de calidad. Clases con carisma.\",\"publisher\":{\"@id\":\"https:\\\/\\\/www.thomasorourkeenglish.es\\\/#organization\"},\"potentialAction\":[{\"@type\":\"SearchAction\",\"target\":{\"@type\":\"EntryPoint\",\"urlTemplate\":\"https:\\\/\\\/www.thomasorourkeenglish.es\\\/?s={search_term_string}\"},\"query-input\":{\"@type\":\"PropertyValueSpecification\",\"valueRequired\":true,\"valueName\":\"search_term_string\"}}],\"inLanguage\":\"en-US\"},{\"@type\":\"Organization\",\"@id\":\"https:\\\/\\\/www.thomasorourkeenglish.es\\\/#organization\",\"name\":\"Thomas O&#039;Rourke English\",\"url\":\"https:\\\/\\\/www.thomasorourkeenglish.es\\\/\",\"logo\":{\"@type\":\"ImageObject\",\"inLanguage\":\"en-US\",\"@id\":\"https:\\\/\\\/www.thomasorourkeenglish.es\\\/#\\\/schema\\\/logo\\\/image\\\/\",\"url\":\"https:\\\/\\\/www.thomasorourkeenglish.es\\\/wp-content\\\/uploads\\\/2025\\\/07\\\/Thomas-ORourke-English-large-logo-Irish-script-3cb5ba151581f9f64fc254285c433a12-e1766161416839.jpg\",\"contentUrl\":\"https:\\\/\\\/www.thomasorourkeenglish.es\\\/wp-content\\\/uploads\\\/2025\\\/07\\\/Thomas-ORourke-English-large-logo-Irish-script-3cb5ba151581f9f64fc254285c433a12-e1766161416839.jpg\",\"width\":944,\"height\":580,\"caption\":\"Thomas O&#039;Rourke English\"},\"image\":{\"@id\":\"https:\\\/\\\/www.thomasorourkeenglish.es\\\/#\\\/schema\\\/logo\\\/image\\\/\"}}]}<\/script>\n<!-- \/ Yoast SEO plugin. -->","yoast_head_json":{"title":"Contacto - Thomas O&#039;Rourke English","description":"Profesor nativo de ingl\u00e9s en Barcelona. Clases para empresas y profesionales. Solicita informaci\u00f3n sin compromiso.","robots":{"index":"index","follow":"follow","max-snippet":"max-snippet:-1","max-image-preview":"max-image-preview:large","max-video-preview":"max-video-preview:-1"},"canonical":"https:\/\/www.thomasorourkeenglish.es\/en\/contacto\/","og_locale":"en_US","og_type":"article","og_title":"Contacto - Thomas O&#039;Rourke English","og_description":"Profesor nativo de ingl\u00e9s en Barcelona. Clases para empresas y profesionales. Solicita informaci\u00f3n sin compromiso.","og_url":"https:\/\/www.thomasorourkeenglish.es\/en\/contacto\/","og_site_name":"Thomas O&#039;Rourke English","article_modified_time":"2026-02-16T08:38:38+00:00","twitter_card":"summary_large_image","schema":{"@context":"https:\/\/schema.org","@graph":[{"@type":"WebPage","@id":"https:\/\/www.thomasorourkeenglish.es\/contacto\/","url":"https:\/\/www.thomasorourkeenglish.es\/contacto\/","name":"Contacto - Thomas O&#039;Rourke English","isPartOf":{"@id":"https:\/\/www.thomasorourkeenglish.es\/#website"},"datePublished":"2025-07-07T14:44:34+00:00","dateModified":"2026-02-16T08:38:38+00:00","description":"Profesor nativo de ingl\u00e9s en Barcelona. Clases para empresas y profesionales. Solicita informaci\u00f3n sin compromiso.","breadcrumb":{"@id":"https:\/\/www.thomasorourkeenglish.es\/contacto\/#breadcrumb"},"inLanguage":"en-US","potentialAction":[{"@type":"ReadAction","target":["https:\/\/www.thomasorourkeenglish.es\/contacto\/"]}]},{"@type":"BreadcrumbList","@id":"https:\/\/www.thomasorourkeenglish.es\/contacto\/#breadcrumb","itemListElement":[{"@type":"ListItem","position":1,"name":"Inicio","item":"https:\/\/www.thomasorourkeenglish.es\/"},{"@type":"ListItem","position":2,"name":"Contacto"}]},{"@type":"WebSite","@id":"https:\/\/www.thomasorourkeenglish.es\/#website","url":"https:\/\/www.thomasorourkeenglish.es\/","name":"Thomas O&#039;Rourke English","description":"Clases de ingl\u00e9s con un profesor nativo. Ense\u00f1anza de calidad. Clases con carisma.","publisher":{"@id":"https:\/\/www.thomasorourkeenglish.es\/#organization"},"potentialAction":[{"@type":"SearchAction","target":{"@type":"EntryPoint","urlTemplate":"https:\/\/www.thomasorourkeenglish.es\/?s={search_term_string}"},"query-input":{"@type":"PropertyValueSpecification","valueRequired":true,"valueName":"search_term_string"}}],"inLanguage":"en-US"},{"@type":"Organization","@id":"https:\/\/www.thomasorourkeenglish.es\/#organization","name":"Thomas O&#039;Rourke English","url":"https:\/\/www.thomasorourkeenglish.es\/","logo":{"@type":"ImageObject","inLanguage":"en-US","@id":"https:\/\/www.thomasorourkeenglish.es\/#\/schema\/logo\/image\/","url":"https:\/\/www.thomasorourkeenglish.es\/wp-content\/uploads\/2025\/07\/Thomas-ORourke-English-large-logo-Irish-script-3cb5ba151581f9f64fc254285c433a12-e1766161416839.jpg","contentUrl":"https:\/\/www.thomasorourkeenglish.es\/wp-content\/uploads\/2025\/07\/Thomas-ORourke-English-large-logo-Irish-script-3cb5ba151581f9f64fc254285c433a12-e1766161416839.jpg","width":944,"height":580,"caption":"Thomas O&#039;Rourke English"},"image":{"@id":"https:\/\/www.thomasorourkeenglish.es\/#\/schema\/logo\/image\/"}}]}},"_links":{"self":[{"href":"https:\/\/www.thomasorourkeenglish.es\/en\/wp-json\/wp\/v2\/pages\/435","targetHints":{"allow":["GET"]}}],"collection":[{"href":"https:\/\/www.thomasorourkeenglish.es\/en\/wp-json\/wp\/v2\/pages"}],"about":[{"href":"https:\/\/www.thomasorourkeenglish.es\/en\/wp-json\/wp\/v2\/types\/page"}],"author":[{"embeddable":true,"href":"https:\/\/www.thomasorourkeenglish.es\/en\/wp-json\/wp\/v2\/users\/1"}],"replies":[{"embeddable":true,"href":"https:\/\/www.thomasorourkeenglish.es\/en\/wp-json\/wp\/v2\/comments?post=435"}],"version-history":[{"count":29,"href":"https:\/\/www.thomasorourkeenglish.es\/en\/wp-json\/wp\/v2\/pages\/435\/revisions"}],"predecessor-version":[{"id":843,"href":"https:\/\/www.thomasorourkeenglish.es\/en\/wp-json\/wp\/v2\/pages\/435\/revisions\/843"}],"wp:attachment":[{"href":"https:\/\/www.thomasorourkeenglish.es\/en\/wp-json\/wp\/v2\/media?parent=435"}],"curies":[{"name":"wp","href":"https:\/\/api.w.org\/{rel}","templated":true}]}}